{"id":2332,"date":"2020-07-24T18:14:31","date_gmt":"2020-07-24T18:14:31","guid":{"rendered":"https:\/\/nyabogati.co.tz\/?page_id=2332"},"modified":"2023-07-02T09:01:58","modified_gmt":"2023-07-02T09:01:58","slug":"chi-siamo","status":"publish","type":"page","link":"https:\/\/nyabogati.co.tz\/it\/chi-siamo\/","title":{"rendered":"Chi siamo"},"content":{"rendered":"<p><div class=\"fusion-fullwidth fullwidth-box fusion-builder-row-1 fusion-flex-container has-pattern-background has-mask-background nonhundred-percent-fullwidth non-hundred-percent-height-scrolling\" style=\"--awb-border-radius-top-left:0px;--awb-border-radius-top-right:0px;--awb-border-radius-bottom-right:0px;--awb-border-radius-bottom-left:0px;--awb-padding-top:11vh;--awb-padding-bottom:0px;--awb-padding-top-medium:5vh;--awb-padding-bottom-medium:5vh;--awb-padding-top-small:54px;--awb-margin-bottom-small:0px;--awb-background-image:linear-gradient(180deg, var(--awb-color2) 0%,rgba(255,249,243,0) 100%);--awb-flex-wrap:wrap;\" ><div class=\"fusion-builder-row fusion-row fusion-flex-align-items-stretch fusion-flex-content-wrap\" style=\"max-width:1323px;margin-left: calc(-5% \/ 2 );margin-right: calc(-5% \/ 2 );\"><div class=\"fusion-layout-column fusion_builder_column fusion-builder-column-0 fusion-flex-column fusion-flex-align-self-center fusion-animated\" style=\"--awb-padding-top:120px;--awb-padding-bottom:120px;--awb-padding-top-medium:60px;--awb-padding-bottom-medium:0px;--awb-padding-top-small:0px;--awb-padding-bottom-small:0px;--awb-bg-size:cover;--awb-width-large:40%;--awb-margin-top-large:0px;--awb-spacing-right-large:30px;--awb-margin-bottom-large:70px;--awb-spacing-left-large:5.9375%;--awb-width-medium:40%;--awb-order-medium:0;--awb-spacing-right-medium:30px;--awb-spacing-left-medium:5.9375%;--awb-width-small:100%;--awb-order-small:1;--awb-spacing-right-small:2.375%;--awb-margin-bottom-small:0px;--awb-spacing-left-small:2.375%;\" data-animationType=\"fadeInUp\" data-animationDuration=\"1.0\" data-animationOffset=\"top-into-view\"><div class=\"fusion-column-wrapper fusion-column-has-shadow fusion-flex-justify-content-flex-start fusion-content-layout-row\"><div class=\"fusion-title title fusion-title-1 fusion-sep-none fusion-title-text fusion-title-size-one\" style=\"--awb-margin-bottom:55px;--awb-margin-bottom-small:40px;--awb-font-size:30px;\"><h1 class=\"fusion-title-heading title-heading-left fusion-responsive-typography-calculated\" style=\"margin:0;font-size:1em;--fontSize:30;--minFontSize:30;line-height:1.35;\">Nyabogati Serengeti Camp: about us<\/h1><\/div><div class=\"fusion-text fusion-text-1 awb-text-cols fusion-text-columns-2 fusion-no-small-visibility fusion-no-medium-visibility\" style=\"--awb-columns:2;--awb-column-spacing:50px;--awb-column-min-width:auto;\"><p><strong>Nyabogati Serengeti Camp<\/strong> prende vita dalle idee un piccolo gruppo di persone innamorati dell\u2019Africa ed esperti in safari. Nasce cos\u00ec un luogo ospitale incentrato sulla sostenibilit\u00e0 e la qualit\u00e0 dei servizi offerti.<\/p>\n<p>Il campo tendato \u00e8 situato nella zona di <strong>Turner\u2019s Spring<\/strong>, nel cuore del <a href=\"https:\/\/en.wikipedia.org\/wiki\/Serengeti_National_Park\" target=\"_blank\" rel=\"noopener nofollow\">Serengeti National Park in Tanzania<\/a>. Il posto perfetto dove soggiornare e partire per un safari intimo ed esclusivo. Ad accogliervi troverete 8 tende spaziose e confortevoli, ben arredate e dotate di tutti i comfort.<\/p>\n<\/div><div class=\"fusion-separator\" style=\"align-self: center;margin-left: auto;margin-right: auto;flex-grow:1;margin-top:25px;margin-bottom:25px;width:100%;max-width:20px;\"><div class=\"fusion-separator-border sep-single sep-solid\" style=\"--awb-height:20px;--awb-amount:20px;--awb-sep-color:var(--awb-color5);border-color:var(--awb-color5);border-top-width:4px;\"><\/div><\/div><div class=\"fusion-text fusion-text-2\"><p>Potrete riposare in soffici letti da cui ascoltare gli echi della fauna selvatica che si risveglia all&#8217;alba o rumoreggia discreta, cullandovi, durante la notte. A vostra disposizione, nella tenda, un bagno con doccia, WC e rubinetti con acqua corrente. Dalla veranda privata potrete godervi l\u2019infinita distesa di acacie che ci circonda e uno straordinario panorama sulle pianure circostanti.<\/p>\n<\/div><div class=\"fusion-separator fusion-full-width-sep\" style=\"align-self: center;margin-left: auto;margin-right: auto;margin-bottom:20px;width:100%;\"><\/div><\/div><\/div><div class=\"fusion-layout-column fusion_builder_column fusion-builder-column-1 fusion-flex-column fusion-no-small-visibility\" style=\"--awb-bg-size:cover;--awb-width-large:10%;--awb-margin-top-large:110px;--awb-spacing-right-large:-100px;--awb-margin-bottom-large:20px;--awb-spacing-left-large:50px;--awb-width-medium:10%;--awb-order-medium:0;--awb-spacing-right-medium:-100px;--awb-spacing-left-medium:50px;--awb-width-small:100%;--awb-order-small:2;--awb-spacing-right-small:2.375%;--awb-spacing-left-small:2.375%;\"><div class=\"fusion-column-wrapper fusion-column-has-shadow fusion-flex-justify-content-flex-start fusion-content-layout-column\"><div class=\"fusion-image-element \" style=\"--awb-caption-title-font-family:var(--h2_typography-font-family);--awb-caption-title-font-weight:var(--h2_typography-font-weight);--awb-caption-title-font-style:var(--h2_typography-font-style);--awb-caption-title-size:var(--h2_typography-font-size);--awb-caption-title-transform:var(--h2_typography-text-transform);--awb-caption-title-line-height:var(--h2_typography-line-height);--awb-caption-title-letter-spacing:var(--h2_typography-letter-spacing);\"><span class=\" fusion-imageframe imageframe-none imageframe-1 hover-type-none fusion-animated\" data-animationType=\"zoomIn\" data-animationDuration=\"1.2\" data-animationOffset=\"top-into-view\"><img decoding=\"async\" width=\"485\" height=\"409\" alt=\"Nyabogati Serengeti Camp: Serengeti Experience\" src=\"https:\/\/nyabogati.co.tz\/wp-content\/uploads\/2023\/04\/logo-tend.png\" data-orig-src=\"https:\/\/nyabogati.co.tz\/wp-content\/uploads\/2023\/04\/logo-tend.png\" class=\"lazyload img-responsive wp-image-1974\" srcset=\"data:image\/svg+xml,%3Csvg%20xmlns%3D%27http%3A%2F%2Fwww.w3.org%2F2000%2Fsvg%27%20width%3D%27485%27%20height%3D%27409%27%20viewBox%3D%270%200%20485%20409%27%3E%3Crect%20width%3D%27485%27%20height%3D%27409%27%20fill-opacity%3D%220%22%2F%3E%3C%2Fsvg%3E\" data-srcset=\"https:\/\/nyabogati.co.tz\/wp-content\/uploads\/2023\/04\/logo-tend-200x169.png 200w, https:\/\/nyabogati.co.tz\/wp-content\/uploads\/2023\/04\/logo-tend-400x337.png 400w, https:\/\/nyabogati.co.tz\/wp-content\/uploads\/2023\/04\/logo-tend.png 485w\" data-sizes=\"auto\" data-orig-sizes=\"(max-width: 1024px) 100vw, (max-width: 740px) 100vw, 485px\" \/><\/span><\/div><\/div><\/div><div class=\"fusion-layout-column fusion_builder_column fusion-builder-column-2 fusion-flex-column fusion-no-small-visibility\" style=\"--awb-overflow:hidden;--awb-bg-position:center center;--awb-bg-size:cover;--awb-box-shadow:0px 20px 80px 0px hsla(var(--awb-color2-h),var(--awb-color2-s),calc(var(--awb-color2-l) - 8%),calc(var(--awb-color2-a) - 50%));;--awb-border-radius:6px 6px 6px 80px;--awb-width-large:50%;--awb-margin-top-large:0px;--awb-spacing-right-large:4.75%;--awb-margin-bottom-large:0px;--awb-spacing-left-large:-20px;--awb-width-medium:50%;--awb-order-medium:0;--awb-spacing-right-medium:4.75%;--awb-spacing-left-medium:-20px;--awb-width-small:100%;--awb-order-small:0;--awb-spacing-right-small:2.375%;--awb-spacing-left-small:2.375%;\" data-scroll-devices=\"small-visibility,medium-visibility,large-visibility\"><div class=\"fusion-column-wrapper lazyload fusion-column-has-shadow fusion-flex-justify-content-flex-end fusion-content-layout-column fusion-empty-column-bg-image fusion-column-has-bg-image\" data-bg-url=\"https:\/\/nyabogati.co.tz\/wp-content\/uploads\/2023\/04\/gallery30-scaled.jpg\" data-bg=\"https:\/\/nyabogati.co.tz\/wp-content\/uploads\/2023\/04\/gallery30-scaled.jpg\"><img decoding=\"async\" class=\"fusion-empty-dims-img-placeholder fusion-no-large-visibility fusion-no-medium-visibility\" src=\"data:image\/svg+xml,%3Csvg%20xmlns%3D%27http%3A%2F%2Fwww.w3.org%2F2000%2Fsvg%27%20width%3D%272560%27%20height%3D%271707%27%20viewBox%3D%270%200%202560%201707%27%3E%3Crect%20width%3D%272560%27%20height%3D%271707%27%20fill-opacity%3D%220%22%2F%3E%3C%2Fsvg%3E\"><\/div><\/div><\/div><\/div><div class=\"fusion-fullwidth fullwidth-box fusion-builder-row-2 fusion-flex-container has-pattern-background has-mask-background nonhundred-percent-fullwidth non-hundred-percent-height-scrolling\" style=\"--link_hover_color: var(--awb-color8);--link_color: var(--awb-color5);--awb-border-radius-top-left:0px;--awb-border-radius-top-right:0px;--awb-border-radius-bottom-right:0px;--awb-border-radius-bottom-left:0px;--awb-padding-top:12px;--awb-padding-bottom:68px;--awb-padding-top-medium:120px;--awb-padding-bottom-medium:0px;--awb-padding-top-small:60px;--awb-padding-bottom-small:0px;--awb-margin-top:0px;--awb-margin-bottom:0px;--awb-flex-wrap:wrap;\" ><div class=\"fusion-builder-row fusion-row fusion-flex-align-items-stretch fusion-flex-content-wrap\" style=\"max-width:1323px;margin-left: calc(-5% \/ 2 );margin-right: calc(-5% \/ 2 );\"><div class=\"fusion-layout-column fusion_builder_column fusion-builder-column-3 fusion_builder_column_1_2 1_2 fusion-flex-column\" style=\"--awb-overflow:hidden;--awb-bg-size:cover;--awb-border-radius:6px 6px 6px 6px;--awb-width-large:50%;--awb-margin-top-large:3px;--awb-spacing-right-large:4.75%;--awb-margin-bottom-large:20px;--awb-spacing-left-large:4.75%;--awb-width-medium:50%;--awb-order-medium:0;--awb-spacing-right-medium:4.75%;--awb-spacing-left-medium:4.75%;--awb-width-small:100%;--awb-order-small:0;--awb-spacing-right-small:2.375%;--awb-spacing-left-small:2.375%;\" data-scroll-devices=\"small-visibility,medium-visibility,large-visibility\"><div class=\"fusion-column-wrapper fusion-column-has-shadow fusion-flex-justify-content-flex-start fusion-content-layout-column\"><div class=\"fusion-builder-row fusion-builder-row-inner fusion-row fusion-flex-align-items-stretch fusion-flex-content-wrap\" style=\"width:105% !important;max-width:105% !important;margin-left: calc(-5% \/ 2 );margin-right: calc(-5% \/ 2 );\"><div class=\"fusion-layout-column fusion_builder_column_inner fusion-builder-nested-column-0 fusion_builder_column_inner_1_1 1_1 fusion-flex-column\" style=\"--awb-padding-top:40px;--awb-padding-right:60px;--awb-padding-bottom:40px;--awb-padding-left:60px;--awb-bg-size:cover;--awb-width-large:100%;--awb-margin-top-large:0px;--awb-spacing-right-large:2.375%;--awb-margin-bottom-large:0px;--awb-spacing-left-large:2.375%;--awb-width-medium:100%;--awb-order-medium:0;--awb-spacing-right-medium:2.375%;--awb-spacing-left-medium:2.375%;--awb-width-small:100%;--awb-order-small:0;--awb-spacing-right-small:2.375%;--awb-spacing-left-small:2.375%;\"><div class=\"fusion-column-wrapper fusion-column-has-shadow fusion-flex-justify-content-flex-start fusion-content-layout-column\"><div class=\"fusion-image-element \" style=\"--awb-caption-title-font-family:var(--h2_typography-font-family);--awb-caption-title-font-weight:var(--h2_typography-font-weight);--awb-caption-title-font-style:var(--h2_typography-font-style);--awb-caption-title-size:var(--h2_typography-font-size);--awb-caption-title-transform:var(--h2_typography-text-transform);--awb-caption-title-line-height:var(--h2_typography-line-height);--awb-caption-title-letter-spacing:var(--h2_typography-letter-spacing);\"><span class=\" fusion-imageframe imageframe-none imageframe-2 hover-type-none\"><a href=\"https:\/\/nyabogati.co.tz\/wp-content\/uploads\/2023\/04\/gallery17-scaled.jpg\" class=\"fusion-lightbox\" data-rel=\"iLightbox[f41fce20a7c080d8aad]\"><img decoding=\"async\" width=\"1024\" height=\"683\" alt=\"Tavolo con fuoco acceso al tramonto nel Nyabogati Serengeti Camp in Tanzania.\" src=\"https:\/\/nyabogati.co.tz\/wp-content\/uploads\/2023\/04\/gallery17-scaled.jpg\" data-orig-src=\"https:\/\/nyabogati.co.tz\/wp-content\/uploads\/2023\/04\/gallery17-1024x683.jpg\" class=\"lazyload img-responsive wp-image-2059\" srcset=\"data:image\/svg+xml,%3Csvg%20xmlns%3D%27http%3A%2F%2Fwww.w3.org%2F2000%2Fsvg%27%20width%3D%272560%27%20height%3D%271707%27%20viewBox%3D%270%200%202560%201707%27%3E%3Crect%20width%3D%272560%27%20height%3D%271707%27%20fill-opacity%3D%220%22%2F%3E%3C%2Fsvg%3E\" data-srcset=\"https:\/\/nyabogati.co.tz\/wp-content\/uploads\/2023\/04\/gallery17-200x133.jpg 200w, https:\/\/nyabogati.co.tz\/wp-content\/uploads\/2023\/04\/gallery17-400x267.jpg 400w, https:\/\/nyabogati.co.tz\/wp-content\/uploads\/2023\/04\/gallery17-600x400.jpg 600w, https:\/\/nyabogati.co.tz\/wp-content\/uploads\/2023\/04\/gallery17-800x533.jpg 800w, https:\/\/nyabogati.co.tz\/wp-content\/uploads\/2023\/04\/gallery17-1200x800.jpg 1200w\" data-sizes=\"auto\" data-orig-sizes=\"(max-width: 1024px) 100vw, (max-width: 740px) 100vw, 1200px\" \/><\/a><\/span><\/div><div class=\"fusion-title title fusion-title-2 fusion-sep-none fusion-title-text fusion-title-size-three\" style=\"--awb-margin-bottom:25px;--awb-font-size:30px;\"><h3 class=\"fusion-title-heading title-heading-left fusion-responsive-typography-calculated\" style=\"margin:0;font-size:1em;--fontSize:30;--minFontSize:30;line-height:1.45;\">Sotto il cielo dell&#8217;Africa<\/h3><\/div><div class=\"fusion-text fusion-text-3\"><p>All\u2019interno della Mess Tent\/Lounge, l\u2019area comune, vi attende un accogliente salotto con biblioteca e una piccola zona relax.<br \/>\nA Nyabogati Camp il nostro chef vi delizier\u00e0 con pietanze sia della cucina italiana che internazionale, cui potrete abbinare il meglio della nostra rinomata cantina. Potrete gustare il tutto servito nel nostro ristorante o romanticamente sotto il cielo, coperto da un\u2019infinita vastit\u00e0 di stelle.<\/p>\n<\/div><\/div><\/div><\/div><\/div><\/div><div class=\"fusion-layout-column fusion_builder_column fusion-builder-column-4 fusion_builder_column_1_2 1_2 fusion-flex-column\" style=\"--awb-overflow:hidden;--awb-bg-size:cover;--awb-border-radius:6px 6px 6px 6px;--awb-width-large:50%;--awb-margin-top-large:0px;--awb-spacing-right-large:4.75%;--awb-margin-bottom-large:20px;--awb-spacing-left-large:4.75%;--awb-width-medium:50%;--awb-order-medium:0;--awb-spacing-right-medium:4.75%;--awb-spacing-left-medium:4.75%;--awb-width-small:100%;--awb-order-small:0;--awb-spacing-right-small:2.375%;--awb-spacing-left-small:2.375%;\" data-scroll-devices=\"small-visibility,medium-visibility,large-visibility\"><div class=\"fusion-column-wrapper fusion-column-has-shadow fusion-flex-justify-content-flex-start fusion-content-layout-column\"><div class=\"fusion-builder-row fusion-builder-row-inner fusion-row fusion-flex-align-items-stretch fusion-flex-content-wrap\" style=\"width:105% !important;max-width:105% !important;margin-left: calc(-5% \/ 2 );margin-right: calc(-5% \/ 2 );\"><div class=\"fusion-layout-column fusion_builder_column_inner fusion-builder-nested-column-1 fusion_builder_column_inner_1_1 1_1 fusion-flex-column\" style=\"--awb-padding-top:40px;--awb-padding-right:60px;--awb-padding-bottom:40px;--awb-padding-left:60px;--awb-bg-size:cover;--awb-width-large:100%;--awb-margin-top-large:0px;--awb-spacing-right-large:2.375%;--awb-margin-bottom-large:0px;--awb-spacing-left-large:2.375%;--awb-width-medium:100%;--awb-order-medium:0;--awb-spacing-right-medium:2.375%;--awb-spacing-left-medium:2.375%;--awb-width-small:100%;--awb-order-small:0;--awb-spacing-right-small:2.375%;--awb-spacing-left-small:2.375%;\"><div class=\"fusion-column-wrapper fusion-column-has-shadow fusion-flex-justify-content-flex-start fusion-content-layout-column\"><div class=\"fusion-image-element \" style=\"--awb-caption-title-font-family:var(--h2_typography-font-family);--awb-caption-title-font-weight:var(--h2_typography-font-weight);--awb-caption-title-font-style:var(--h2_typography-font-style);--awb-caption-title-size:var(--h2_typography-font-size);--awb-caption-title-transform:var(--h2_typography-text-transform);--awb-caption-title-line-height:var(--h2_typography-line-height);--awb-caption-title-letter-spacing:var(--h2_typography-letter-spacing);\"><span class=\" fusion-imageframe imageframe-none imageframe-3 hover-type-none\"><a href=\"https:\/\/nyabogati.co.tz\/wp-content\/uploads\/2023\/04\/gallery38-scaled.jpg\" class=\"fusion-lightbox\" data-rel=\"iLightbox[2debbd2c0b2cee7de38]\"><img decoding=\"async\" width=\"1024\" height=\"683\" src=\"https:\/\/nyabogati.co.tz\/wp-content\/uploads\/2023\/04\/gallery38-scaled.jpg\" data-orig-src=\"https:\/\/nyabogati.co.tz\/wp-content\/uploads\/2023\/04\/gallery38-1024x683.jpg\" alt class=\"lazyload img-responsive wp-image-2060\" srcset=\"data:image\/svg+xml,%3Csvg%20xmlns%3D%27http%3A%2F%2Fwww.w3.org%2F2000%2Fsvg%27%20width%3D%272560%27%20height%3D%271707%27%20viewBox%3D%270%200%202560%201707%27%3E%3Crect%20width%3D%272560%27%20height%3D%271707%27%20fill-opacity%3D%220%22%2F%3E%3C%2Fsvg%3E\" data-srcset=\"https:\/\/nyabogati.co.tz\/wp-content\/uploads\/2023\/04\/gallery38-200x133.jpg 200w, https:\/\/nyabogati.co.tz\/wp-content\/uploads\/2023\/04\/gallery38-400x267.jpg 400w, https:\/\/nyabogati.co.tz\/wp-content\/uploads\/2023\/04\/gallery38-600x400.jpg 600w, https:\/\/nyabogati.co.tz\/wp-content\/uploads\/2023\/04\/gallery38-800x533.jpg 800w, https:\/\/nyabogati.co.tz\/wp-content\/uploads\/2023\/04\/gallery38-1200x800.jpg 1200w\" data-sizes=\"auto\" data-orig-sizes=\"(max-width: 1024px) 100vw, (max-width: 740px) 100vw, 1200px\" \/><\/a><\/span><\/div><div class=\"fusion-title title fusion-title-3 fusion-sep-none fusion-title-text fusion-title-size-three\" style=\"--awb-margin-bottom:25px;--awb-font-size:30px;\"><h3 class=\"fusion-title-heading title-heading-left fusion-responsive-typography-calculated\" style=\"margin:0;font-size:1em;--fontSize:30;--minFontSize:30;line-height:1.45;\">Rispetto del territorio<\/h3><\/div><div class=\"fusion-text fusion-text-4\"><p>Design e stile si armonizzano con il paesaggio della Tanzania.<br \/>\nTutto e\u0300 progettato in modo sobrio, con interni dalle nuances calde e terrose, accostate a candidi drappeggi bianchi che aggiungono un tocco di freschezza. Gli arredi sono sobri, realizzati con materiali sostenibili e naturali, nel rispetto del territorio e dell\u2019ambiente. <strong>Siamo anche una realt\u00e0 \u201cplastic free\u201d<\/strong>.<\/p>\n<\/div><\/div><\/div><\/div><\/div><\/div><\/div><\/div><div class=\"fusion-fullwidth fullwidth-box fusion-builder-row-3 fusion-flex-container has-pattern-background has-mask-background nonhundred-percent-fullwidth non-hundred-percent-height-scrolling\" style=\"--awb-border-radius-top-left:0px;--awb-border-radius-top-right:0px;--awb-border-radius-bottom-right:0px;--awb-border-radius-bottom-left:0px;--awb-padding-top:150px;--awb-padding-top-medium:60px;--awb-padding-top-small:60px;--awb-background-color:var(--awb-color2);--awb-flex-wrap:wrap;\" ><div class=\"fusion-builder-row fusion-row fusion-flex-align-items-flex-start fusion-flex-content-wrap\" style=\"max-width:calc( 1260px + 0px );margin-left: calc(-0px \/ 2 );margin-right: calc(-0px \/ 2 );\"><div class=\"fusion-layout-column fusion_builder_column fusion-builder-column-5 fusion-flex-column fusion-flex-align-self-stretch\" style=\"--awb-overflow:hidden;--awb-bg-position:center center;--awb-bg-size:cover;--awb-box-shadow:0px 20px 80px 0px hsla(var(--awb-color2-h),var(--awb-color2-s),calc(var(--awb-color2-l) - 8%),calc(var(--awb-color2-a) - 50%));;--awb-border-radius:6px 6px 80px 6px;--awb-width-large:45%;--awb-margin-top-large:0px;--awb-spacing-right-large:0px;--awb-margin-bottom-large:0px;--awb-spacing-left-large:0px;--awb-width-medium:50%;--awb-order-medium:0;--awb-spacing-right-medium:0px;--awb-spacing-left-medium:0px;--awb-width-small:100%;--awb-order-small:0;--awb-spacing-right-small:0px;--awb-margin-bottom-small:0;--awb-spacing-left-small:0px;\" data-scroll-devices=\"small-visibility,medium-visibility,large-visibility\"><div class=\"fusion-column-wrapper lazyload fusion-column-has-shadow fusion-flex-justify-content-flex-end fusion-content-layout-column fusion-empty-column-bg-image fusion-column-has-bg-image\" data-bg-url=\"https:\/\/nyabogati.co.tz\/wp-content\/uploads\/2023\/04\/gallery37-1024x683.jpg\" data-bg=\"https:\/\/nyabogati.co.tz\/wp-content\/uploads\/2023\/04\/gallery37-1024x683.jpg\"><img decoding=\"async\" class=\"fusion-empty-dims-img-placeholder fusion-no-large-visibility\" src=\"data:image\/gif;base64,R0lGODlhAQABAAAAACH5BAEKAAEALAAAAAABAAEAAAICTAEAOw==\"><\/div><\/div><div class=\"fusion-layout-column fusion_builder_column fusion-builder-column-6 fusion-flex-column fusion-flex-align-self-center\" style=\"--awb-padding-top:120px;--awb-padding-right:20px;--awb-padding-bottom:120px;--awb-padding-left:180px;--awb-padding-top-medium:80px;--awb-padding-right-medium:80px;--awb-padding-bottom-medium:80px;--awb-padding-left-medium:80px;--awb-padding-top-small:60px;--awb-padding-right-small:0px;--awb-padding-bottom-small:60px;--awb-padding-left-small:0px;--awb-bg-size:cover;--awb-width-large:55%;--awb-margin-top-large:0px;--awb-spacing-right-large:0px;--awb-margin-bottom-large:0px;--awb-spacing-left-large:0px;--awb-width-medium:50%;--awb-order-medium:0;--awb-spacing-right-medium:0px;--awb-spacing-left-medium:0px;--awb-width-small:100%;--awb-order-small:1;--awb-spacing-right-small:0px;--awb-spacing-left-small:0px;\"><div class=\"fusion-column-wrapper fusion-column-has-shadow fusion-flex-justify-content-flex-start fusion-content-layout-column\"><div class=\"fusion-title title fusion-title-4 fusion-sep-none fusion-title-highlight fusion-loop-off fusion-highlight-underline fusion-title-size-two\" style=\"--awb-highlight-color:var(--awb-color5);--awb-highlight-top-margin:-4px;--awb-highlight-width:5;--awb-margin-bottom:40px;--awb-font-size:33px;\" data-highlight=\"underline\"><h2 class=\"fusion-title-heading title-heading-left fusion-responsive-typography-calculated\" style=\"margin:0;font-size:1em;--fontSize:33;--minFontSize:33;line-height:1.35;\"><span class=\"fusion-highlighted-text-prefix\">Un soggiorno<\/span> <span class=\"fusion-highlighted-text-wrapper\"><span class=\"fusion-highlighted-text\" style=\"color:var(--awb-color5);\">INDIMENTICABILE<\/span><\/span> <span class=\"fusion-highlighted-text-postfix\">nel Serengeti Park<\/span><\/h2><\/div><div class=\"fusion-text fusion-text-5\" style=\"--awb-font-size:21px;\"><p>Il nostro staff \u00e8 costituito da personale locale, accogliente, professionale, felice di assicurare a tutti gli ospiti un soggiorno indimenticabile nel Serengeti National Park.<\/p>\n<p>Tutto \u00e8 curato per farti vivere un\u2019esperienza magica e avventurosa.<\/p>\n<p><strong>Al Nyabogati Serengeti Camp si parla anche italiano.<\/strong><\/p>\n<p>Ti aspettiamo!<\/p>\n<\/div><div class=\"fusion-separator fusion-full-width-sep\" style=\"align-self: center;margin-left: auto;margin-right: auto;margin-bottom:3%;width:100%;\"><\/div><div ><a class=\"fusion-button button-flat button-xlarge button-default fusion-button-default button-1 fusion-button-default-span fusion-button-default-type\" target=\"_self\" href=\"\/it\/contatti\/\"><span class=\"fusion-button-text\">CONTATTACI<\/span><\/a><\/div><\/div><\/div><div class=\"fusion-layout-column fusion_builder_column fusion-builder-column-7 fusion_builder_column_1_1 1_1 fusion-flex-column\" style=\"--awb-bg-size:cover;--awb-width-large:100%;--awb-margin-top-large:0px;--awb-spacing-right-large:0px;--awb-margin-bottom-large:20px;--awb-spacing-left-large:0px;--awb-width-medium:100%;--awb-order-medium:0;--awb-spacing-right-medium:0px;--awb-spacing-left-medium:0px;--awb-width-small:100%;--awb-order-small:0;--awb-spacing-right-small:0px;--awb-spacing-left-small:0px;\"><div class=\"fusion-column-wrapper fusion-column-has-shadow fusion-flex-justify-content-flex-start fusion-content-layout-column\"><div class=\"fusion-separator fusion-full-width-sep\" style=\"align-self: center;margin-left: auto;margin-right: auto;margin-top:50px;width:100%;\"><\/div><\/div><\/div><\/div><\/div><\/p>\n","protected":false},"excerpt":{"rendered":"","protected":false},"author":1,"featured_media":0,"parent":0,"menu_order":0,"comment_status":"closed","ping_status":"closed","template":"100-width.php","meta":{"footnotes":""},"class_list":["post-2332","page","type-page","status-publish","hentry"],"_links":{"self":[{"href":"https:\/\/nyabogati.co.tz\/it\/wp-json\/wp\/v2\/pages\/2332","targetHints":{"allow":["GET"]}}],"collection":[{"href":"https:\/\/nyabogati.co.tz\/it\/wp-json\/wp\/v2\/pages"}],"about":[{"href":"https:\/\/nyabogati.co.tz\/it\/wp-json\/wp\/v2\/types\/page"}],"author":[{"embeddable":true,"href":"https:\/\/nyabogati.co.tz\/it\/wp-json\/wp\/v2\/users\/1"}],"replies":[{"embeddable":true,"href":"https:\/\/nyabogati.co.tz\/it\/wp-json\/wp\/v2\/comments?post=2332"}],"version-history":[{"count":35,"href":"https:\/\/nyabogati.co.tz\/it\/wp-json\/wp\/v2\/pages\/2332\/revisions"}],"predecessor-version":[{"id":2589,"href":"https:\/\/nyabogati.co.tz\/it\/wp-json\/wp\/v2\/pages\/2332\/revisions\/2589"}],"wp:attachment":[{"href":"https:\/\/nyabogati.co.tz\/it\/wp-json\/wp\/v2\/media?parent=2332"}],"curies":[{"name":"wp","href":"https:\/\/api.w.org\/{rel}","templated":true}]}}